{"id":518,"date":"2021-12-01T22:23:46","date_gmt":"2021-12-01T21:23:46","guid":{"rendered":"https:\/\/www.linatec.de\/?page_id=518"},"modified":"2022-06-22T00:50:20","modified_gmt":"2022-06-21T22:50:20","slug":"ueber-uns","status":"publish","type":"page","link":"https:\/\/www.linatec.de\/en\/ueber-uns\/","title":{"rendered":"ABOUT US"},"content":{"rendered":"<div data-elementor-type=\"wp-page\" data-elementor-id=\"518\" class=\"elementor elementor-518\">\n\t\t\t\t\t\t<section class=\"elementor-section elementor-top-section elementor-element elementor-element-7950098f elementor-section-boxed elementor-section-height-default elementor-section-height-default\" data-id=\"7950098f\" data-element_type=\"section\" data-e-type=\"section\">\n\t\t\t\t\t\t<div class=\"elementor-container elementor-column-gap-default\">\n\t\t\t\t\t<div class=\"elementor-column elementor-col-50 elementor-top-column elementor-element elementor-element-50f33b0b\" data-id=\"50f33b0b\" data-element_type=\"column\" data-e-type=\"column\">\n\t\t\t<div class=\"elementor-widget-wrap elementor-element-populated\">\n\t\t\t\t\t\t<div class=\"elementor-element elementor-element-79116cfc elementor-widget elementor-widget-heading\" data-id=\"79116cfc\" data-element_type=\"widget\" data-e-type=\"widget\" data-widget_type=\"heading.default\">\n\t\t\t\t<div class=\"elementor-widget-container\">\n\t\t\t\t\t<h5 class=\"elementor-heading-title elementor-size-default\">Company profile<\/h5>\t\t\t\t<\/div>\n\t\t\t\t<\/div>\n\t\t\t\t<div class=\"elementor-element elementor-element-5e703e0 elementor-widget-divider--view-line elementor-widget elementor-widget-divider\" data-id=\"5e703e0\" data-element_type=\"widget\" data-e-type=\"widget\" data-widget_type=\"divider.default\">\n\t\t\t\t<div class=\"elementor-widget-container\">\n\t\t\t\t\t\t\t<div class=\"elementor-divider\">\n\t\t\t<span class=\"elementor-divider-separator\">\n\t\t\t\t\t\t<\/span>\n\t\t<\/div>\n\t\t\t\t\t\t<\/div>\n\t\t\t\t<\/div>\n\t\t\t\t<div class=\"elementor-element elementor-element-5b153c75 elementor-widget elementor-widget-text-editor\" data-id=\"5b153c75\" data-element_type=\"widget\" data-e-type=\"widget\" data-widget_type=\"text-editor.default\">\n\t\t\t\t<div class=\"elementor-widget-container\">\n\t\t\t\t\t\t\t\t\t<p>LINATEC belongs to the STEVILA Group, whose fields of activity are contract manufacturing and fixture construction. The group has a total of 320 employees at five locations. LINATEC was founded in 2004 and occupies within the group the area of fixture construction according to customer designs and contract manufacturing of large parts up to 8 x 3 m and 10 tons total weight.<\/p><p>LINATEC provides the customer with a qualified team of 100 employees at the plant in K\u00f6nigs Wusterhausen near Berlin (30 employees) and Koszalin in northern Poland (70 employees). The employees have many years of experience in the field of fixture construction. A total of around 8,000 m\u00b2 of production and assembly space is available. The following services can be offered:<\/p><ul><li>Welding fixture in single batches and series<\/li><li>Mechanical Production<\/li><li>Production of welding and sheet metal assemblies<\/li><li>Assembly and repair work in the metal area<\/li><li>Metrological services<\/li><\/ul><div>\u00a0<\/div><p>Thanks to the capacities available in the Stevila Group, large volumes can be manufactured and assembled \u201cfrom a single source\u201d or parts can be produced for which there are no production options at LINATEC. In this way, an \u201cin-house\u201d production quota of well over 90% is achieved even for large orders.<\/p><p>Since there are long-term business relationships with all well-known suppliers of purchasing parts, all required purchased parts can be procured inexpensively and on time.<\/p>\t\t\t\t\t\t\t\t<\/div>\n\t\t\t\t<\/div>\n\t\t\t\t\t<\/div>\n\t\t<\/div>\n\t\t\t\t<div class=\"elementor-column elementor-col-50 elementor-top-column elementor-element elementor-element-7c4b8ef\" data-id=\"7c4b8ef\" data-element_type=\"column\" data-e-type=\"column\">\n\t\t\t<div class=\"elementor-widget-wrap elementor-element-populated\">\n\t\t\t\t\t\t<div class=\"elementor-element elementor-element-b4395c6 elementor-widget elementor-widget-heading\" data-id=\"b4395c6\" data-element_type=\"widget\" data-e-type=\"widget\" data-widget_type=\"heading.default\">\n\t\t\t\t<div class=\"elementor-widget-container\">\n\t\t\t\t\t<h5 class=\"elementor-heading-title elementor-size-default\">The advantages of LINATEC at a glance<\/h5>\t\t\t\t<\/div>\n\t\t\t\t<\/div>\n\t\t\t\t<div class=\"elementor-element elementor-element-a67b52d elementor-widget-divider--view-line elementor-widget elementor-widget-divider\" data-id=\"a67b52d\" data-element_type=\"widget\" data-e-type=\"widget\" data-widget_type=\"divider.default\">\n\t\t\t\t<div class=\"elementor-widget-container\">\n\t\t\t\t\t\t\t<div class=\"elementor-divider\">\n\t\t\t<span class=\"elementor-divider-separator\">\n\t\t\t\t\t\t<\/span>\n\t\t<\/div>\n\t\t\t\t\t\t<\/div>\n\t\t\t\t<\/div>\n\t\t\t\t<div class=\"elementor-element elementor-element-7803bed elementor-widget elementor-widget-text-editor\" data-id=\"7803bed\" data-element_type=\"widget\" data-e-type=\"widget\" data-widget_type=\"text-editor.default\">\n\t\t\t\t<div class=\"elementor-widget-container\">\n\t\t\t\t\t\t\t\t\t<ul><li>large volumes can be implemented \"in-house\"<\/li><li>fast delivery times and great flexibility in changing requests<\/li><li>qualified personnel with years of experience<\/li><li>large assembly areas<\/li><li>low cost structure<\/li><li>easily accessible location on the outskirts of Berlin in the immediate vicinity of the airport and motorway<\/li><\/ul><div>\u00a0<\/div><p>A worldwide customer base appreciates these advantages.<\/p>\t\t\t\t\t\t\t\t<\/div>\n\t\t\t\t<\/div>\n\t\t\t\t<div class=\"elementor-element elementor-element-59df628 elementor-widget elementor-widget-heading\" data-id=\"59df628\" data-element_type=\"widget\" data-e-type=\"widget\" data-widget_type=\"heading.default\">\n\t\t\t\t<div class=\"elementor-widget-container\">\n\t\t\t\t\t<h5 class=\"elementor-heading-title elementor-size-default\">Facts and key figures<\/h5>\t\t\t\t<\/div>\n\t\t\t\t<\/div>\n\t\t\t\t<div class=\"elementor-element elementor-element-bd177d9 elementor-widget-divider--view-line elementor-widget elementor-widget-divider\" data-id=\"bd177d9\" data-element_type=\"widget\" data-e-type=\"widget\" data-widget_type=\"divider.default\">\n\t\t\t\t<div class=\"elementor-widget-container\">\n\t\t\t\t\t\t\t<div class=\"elementor-divider\">\n\t\t\t<span class=\"elementor-divider-separator\">\n\t\t\t\t\t\t<\/span>\n\t\t<\/div>\n\t\t\t\t\t\t<\/div>\n\t\t\t\t<\/div>\n\t\t\t\t<div class=\"elementor-element elementor-element-f849675 elementor-widget elementor-widget-text-editor\" data-id=\"f849675\" data-element_type=\"widget\" data-e-type=\"widget\" data-widget_type=\"text-editor.default\">\n\t\t\t\t<div class=\"elementor-widget-container\">\n\t\t\t\t\t\t\t\t\t<ul><li>LINATEC was founded in 2004<\/li><li>Area of activity - fixture construction and contract manufacturing for the automotive industry<\/li><li>100 employees<\/li><li>Sales in 2019 - \u20ac 14.0 million<\/li><li>Production and assembly area - 8000 m2<\/li><li>33 CNC machines<\/li><li>Legal form - limited liability company (GmbH)<\/li><li>Managing Director - Stefan K\u00f6titz<\/li><li>LINATEC belongs to the STEVILA Group: Stevila (LT), Linatec (DE), Baltic Automotive Technologies (PL), Irkatek (UA), Itmecha (LT), CNC Servisas (LT).<\/li><\/ul>\t\t\t\t\t\t\t\t<\/div>\n\t\t\t\t<\/div>\n\t\t\t\t\t<\/div>\n\t\t<\/div>\n\t\t\t\t\t<\/div>\n\t\t<\/section>\n\t\t\t\t<section class=\"elementor-section elementor-top-section elementor-element elementor-element-67f835a elementor-section-boxed elementor-section-height-default elementor-section-height-default\" data-id=\"67f835a\" data-element_type=\"section\" data-e-type=\"section\">\n\t\t\t\t\t\t<div class=\"elementor-container elementor-column-gap-default\">\n\t\t\t\t\t<div class=\"elementor-column elementor-col-100 elementor-top-column elementor-element elementor-element-6cab927a\" data-id=\"6cab927a\" data-element_type=\"column\" data-e-type=\"column\">\n\t\t\t<div class=\"elementor-widget-wrap elementor-element-populated\">\n\t\t\t\t\t\t<div class=\"elementor-element elementor-element-4fd7c14 elementor--h-position-center elementor--v-position-middle elementor-arrows-position-inside elementor-pagination-position-inside elementor-widget elementor-widget-slides\" data-id=\"4fd7c14\" data-element_type=\"widget\" data-e-type=\"widget\" data-settings=\"{&quot;navigation&quot;:&quot;both&quot;,&quot;autoplay&quot;:&quot;yes&quot;,&quot;pause_on_hover&quot;:&quot;yes&quot;,&quot;pause_on_interaction&quot;:&quot;yes&quot;,&quot;autoplay_speed&quot;:5000,&quot;infinite&quot;:&quot;yes&quot;,&quot;transition&quot;:&quot;slide&quot;,&quot;transition_speed&quot;:500}\" data-widget_type=\"slides.default\">\n\t\t\t\t<div class=\"elementor-widget-container\">\n\t\t\t\t\t\t\t<div class=\"elementor-swiper\">\n\t\t\t<div class=\"elementor-slides-wrapper elementor-main-swiper swiper-container\" dir=\"ltr\" data-animation=\"fadeInUp\">\n\t\t\t\t<div class=\"swiper-wrapper elementor-slides\">\n\t\t\t\t\t\t\t\t\t\t<div class=\"elementor-repeater-item-cc59c6e swiper-slide\"><div class=\"swiper-slide-bg\"><\/div><div class=\"swiper-slide-inner\" ><div class=\"swiper-slide-contents\"><\/div><\/div><\/div>\t\t\t\t<\/div>\n\t\t\t\t\t\t\t<\/div>\n\t\t<\/div>\n\t\t\t\t\t\t<\/div>\n\t\t\t\t<\/div>\n\t\t\t\t\t<\/div>\n\t\t<\/div>\n\t\t\t\t\t<\/div>\n\t\t<\/section>\n\t\t\t\t<\/div>","protected":false},"excerpt":{"rendered":"<p>Firmenprofil Die Firma LINATEC geh\u00f6rt zur STEVILA Gruppe, deren Bet\u00e4tigungsfelder die Lohnfertigung und der Vorrichtungsbau sind. In der Gruppe arbeiten an f\u00fcnf Standorten insgesamt 320 Mitarbeiter. LINATEC wurde im Jahr 2004 gegr\u00fcndet und nimmt innerhalb der Gruppe den Bereich des Vorrichtungsbaus nach Kundenkonstruktionen und der Lohnfertigung von Gro\u00dfteilen bis 8 x 3 m und 10 [&hellip;]<\/p>\n","protected":false},"author":2,"featured_media":0,"parent":0,"menu_order":0,"comment_status":"closed","ping_status":"closed","template":"elementor_header_footer","meta":{"footnotes":""},"class_list":["post-518","page","type-page","status-publish","hentry"],"_links":{"self":[{"href":"https:\/\/www.linatec.de\/en\/wp-json\/wp\/v2\/pages\/518","targetHints":{"allow":["GET"]}}],"collection":[{"href":"https:\/\/www.linatec.de\/en\/wp-json\/wp\/v2\/pages"}],"about":[{"href":"https:\/\/www.linatec.de\/en\/wp-json\/wp\/v2\/types\/page"}],"author":[{"embeddable":true,"href":"https:\/\/www.linatec.de\/en\/wp-json\/wp\/v2\/users\/2"}],"replies":[{"embeddable":true,"href":"https:\/\/www.linatec.de\/en\/wp-json\/wp\/v2\/comments?post=518"}],"version-history":[{"count":20,"href":"https:\/\/www.linatec.de\/en\/wp-json\/wp\/v2\/pages\/518\/revisions"}],"predecessor-version":[{"id":912,"href":"https:\/\/www.linatec.de\/en\/wp-json\/wp\/v2\/pages\/518\/revisions\/912"}],"wp:attachment":[{"href":"https:\/\/www.linatec.de\/en\/wp-json\/wp\/v2\/media?parent=518"}],"curies":[{"name":"wp","href":"https:\/\/api.w.org\/{rel}","templated":true}]}}