{"id":512,"date":"2021-12-01T22:10:33","date_gmt":"2021-12-01T21:10:33","guid":{"rendered":"https:\/\/www.linatec.de\/?page_id=512"},"modified":"2022-06-22T00:25:03","modified_gmt":"2022-06-21T22:25:03","slug":"qualitaet","status":"publish","type":"page","link":"https:\/\/www.linatec.de\/en\/qualitaet\/","title":{"rendered":"QUALITY"},"content":{"rendered":"<div data-elementor-type=\"wp-page\" data-elementor-id=\"512\" class=\"elementor elementor-512\">\n\t\t\t\t\t\t<section class=\"elementor-section elementor-top-section elementor-element elementor-element-5a3dea59 elementor-section-boxed elementor-section-height-default elementor-section-height-default\" data-id=\"5a3dea59\" data-element_type=\"section\" data-e-type=\"section\">\n\t\t\t\t\t\t<div class=\"elementor-container elementor-column-gap-default\">\n\t\t\t\t\t<div class=\"elementor-column elementor-col-100 elementor-top-column elementor-element elementor-element-4cdcc1e\" data-id=\"4cdcc1e\" data-element_type=\"column\" data-e-type=\"column\">\n\t\t\t<div class=\"elementor-widget-wrap elementor-element-populated\">\n\t\t\t\t\t\t<div class=\"elementor-element elementor-element-d787bf3 elementor-widget elementor-widget-image\" data-id=\"d787bf3\" data-element_type=\"widget\" data-e-type=\"widget\" data-widget_type=\"image.default\">\n\t\t\t\t<div class=\"elementor-widget-container\">\n\t\t\t\t\t\t\t\t\t\t\t\t\t\t\t<img fetchpriority=\"high\" decoding=\"async\" width=\"800\" height=\"551\" src=\"https:\/\/www.linatec.de\/wp-content\/uploads\/2021\/12\/Pic1-mosaik-1024x705.jpg\" class=\"attachment-large size-large wp-image-514\" alt=\"\" srcset=\"https:\/\/www.linatec.de\/wp-content\/uploads\/2021\/12\/Pic1-mosaik-1024x705.jpg 1024w, https:\/\/www.linatec.de\/wp-content\/uploads\/2021\/12\/Pic1-mosaik-300x207.jpg 300w, https:\/\/www.linatec.de\/wp-content\/uploads\/2021\/12\/Pic1-mosaik-768x529.jpg 768w, https:\/\/www.linatec.de\/wp-content\/uploads\/2021\/12\/Pic1-mosaik-1536x1057.jpg 1536w, https:\/\/www.linatec.de\/wp-content\/uploads\/2021\/12\/Pic1-mosaik-2048x1410.jpg 2048w\" sizes=\"(max-width: 800px) 100vw, 800px\" \/>\t\t\t\t\t\t\t\t\t\t\t\t\t\t\t<\/div>\n\t\t\t\t<\/div>\n\t\t\t\t\t<\/div>\n\t\t<\/div>\n\t\t\t\t\t<\/div>\n\t\t<\/section>\n\t\t\t\t<section class=\"elementor-section elementor-top-section elementor-element elementor-element-cc425ae elementor-section-boxed elementor-section-height-default elementor-section-height-default\" data-id=\"cc425ae\" data-element_type=\"section\" data-e-type=\"section\">\n\t\t\t\t\t\t<div class=\"elementor-container elementor-column-gap-default\">\n\t\t\t\t\t<div class=\"elementor-column elementor-col-50 elementor-top-column elementor-element elementor-element-e2a862f\" data-id=\"e2a862f\" data-element_type=\"column\" data-e-type=\"column\">\n\t\t\t<div class=\"elementor-widget-wrap elementor-element-populated\">\n\t\t\t\t\t\t<div class=\"elementor-element elementor-element-4840e9d elementor-widget elementor-widget-heading\" data-id=\"4840e9d\" data-element_type=\"widget\" data-e-type=\"widget\" data-widget_type=\"heading.default\">\n\t\t\t\t<div class=\"elementor-widget-container\">\n\t\t\t\t\t<h5 class=\"elementor-heading-title elementor-size-default\">Metrological services and quality<\/h5>\t\t\t\t<\/div>\n\t\t\t\t<\/div>\n\t\t\t\t<div class=\"elementor-element elementor-element-77931fb elementor-widget-divider--view-line elementor-widget elementor-widget-divider\" data-id=\"77931fb\" data-element_type=\"widget\" data-e-type=\"widget\" data-widget_type=\"divider.default\">\n\t\t\t\t<div class=\"elementor-widget-container\">\n\t\t\t\t\t\t\t<div class=\"elementor-divider\">\n\t\t\t<span class=\"elementor-divider-separator\">\n\t\t\t\t\t\t<\/span>\n\t\t<\/div>\n\t\t\t\t\t\t<\/div>\n\t\t\t\t<\/div>\n\t\t\t\t<div class=\"elementor-element elementor-element-e27ca3b elementor-widget elementor-widget-text-editor\" data-id=\"e27ca3b\" data-element_type=\"widget\" data-e-type=\"widget\" data-widget_type=\"text-editor.default\">\n\t\t\t\t<div class=\"elementor-widget-container\">\n\t\t\t\t\t\t\t\t\t<p>In order to meet, ensure and document the required quality standards, LINATEC uses the necessary measuring equipment. Every manufactured assembly unit is subject to a final inspection with a Leica AT960-MR laser tracker with PolyWorks measurement software. A total of two laser trackers and a measuring arm are available. The measured data are documented in different formats according to customer requirements. In addition to checking your own products, Europe-wide measurement services can also be carried out in customer factories.<\/p>\t\t\t\t\t\t\t\t<\/div>\n\t\t\t\t<\/div>\n\t\t\t\t\t<\/div>\n\t\t<\/div>\n\t\t\t\t<div class=\"elementor-column elementor-col-50 elementor-top-column elementor-element elementor-element-d90379d\" data-id=\"d90379d\" data-element_type=\"column\" data-e-type=\"column\">\n\t\t\t<div class=\"elementor-widget-wrap elementor-element-populated\">\n\t\t\t\t\t\t<div class=\"elementor-element elementor-element-4187d4a elementor-widget elementor-widget-image\" data-id=\"4187d4a\" data-element_type=\"widget\" data-e-type=\"widget\" data-widget_type=\"image.default\">\n\t\t\t\t<div class=\"elementor-widget-container\">\n\t\t\t\t\t\t\t\t\t\t\t\t\t\t\t\t<a href=\"https:\/\/www.linatec.de\/wp-content\/uploads\/2022\/06\/LINATEC-GmbH-CERTIFICATE-englisch-2022-05-31-QM15-scaled.jpg\" data-elementor-open-lightbox=\"yes\" data-elementor-lightbox-title=\"LINATEC GmbH - Zertifikat - DIN ISO 9001\" data-e-action-hash=\"#elementor-action%3Aaction%3Dlightbox%26settings%3DeyJpZCI6OTAyLCJ1cmwiOiJodHRwczpcL1wvd3d3LmxpbmF0ZWMuZGVcL3dwLWNvbnRlbnRcL3VwbG9hZHNcLzIwMjJcLzA2XC9MSU5BVEVDLUdtYkgtRElOLUlTTy05MDAxLXNjYWxlZC5qcGcifQ%3D%3D\">\n\t\t\t\t\t\t\t<img decoding=\"async\" src=\"https:\/\/www.linatec.de\/wp-content\/uploads\/2022\/06\/LINATEC-GmbH-CERTIFICATE-englisch-2022-05-31-QM15-scaled.jpg\" title=\"LINATEC GmbH &#8211; Zertifikat &#8211; DIN ISO 9001\" alt=\"LINATEC GmbH - Zertifikat - DIN ISO 9001\" loading=\"lazy\" \/>\t\t\t\t\t\t\t\t<\/a>\n\t\t\t\t\t\t\t\t\t\t\t\t\t\t\t<\/div>\n\t\t\t\t<\/div>\n\t\t\t\t\t<\/div>\n\t\t<\/div>\n\t\t\t\t\t<\/div>\n\t\t<\/section>\n\t\t\t\t<section class=\"elementor-section elementor-top-section elementor-element elementor-element-296e26b elementor-section-boxed elementor-section-height-default elementor-section-height-default\" data-id=\"296e26b\" data-element_type=\"section\" data-e-type=\"section\">\n\t\t\t\t\t\t<div class=\"elementor-container elementor-column-gap-default\">\n\t\t\t\t\t<div class=\"elementor-column elementor-col-100 elementor-top-column elementor-element elementor-element-a39644c\" data-id=\"a39644c\" data-element_type=\"column\" data-e-type=\"column\">\n\t\t\t<div class=\"elementor-widget-wrap\">\n\t\t\t\t\t\t\t<\/div>\n\t\t<\/div>\n\t\t\t\t\t<\/div>\n\t\t<\/section>\n\t\t\t\t<\/div>","protected":false},"excerpt":{"rendered":"<p>Messtechnische Dienstleistungen und Qualit\u00e4t Um die geforderten Qualit\u00e4tsstandards zu erf\u00fcllen, sicherzustellen und zu dokumentieren, setzt LINATEC die daf\u00fcr notwendigen Messeinrichtungen ein. Jede gefertigte Baugruppe unterliegt einer Endkontrolle mit einem Leica Lasertracker AT960-MR mit PolyWorks Messsoftware. Insgesamt stehen zwei Lasertracker und ein Messarm zur Verf\u00fcgung. Die gemessenen Daten werden entsprechend des Kundenwunschs in unterschiedlichen Formaten dokumentiert. [&hellip;]<\/p>\n","protected":false},"author":2,"featured_media":0,"parent":0,"menu_order":0,"comment_status":"closed","ping_status":"closed","template":"elementor_header_footer","meta":{"footnotes":""},"class_list":["post-512","page","type-page","status-publish","hentry"],"_links":{"self":[{"href":"https:\/\/www.linatec.de\/en\/wp-json\/wp\/v2\/pages\/512","targetHints":{"allow":["GET"]}}],"collection":[{"href":"https:\/\/www.linatec.de\/en\/wp-json\/wp\/v2\/pages"}],"about":[{"href":"https:\/\/www.linatec.de\/en\/wp-json\/wp\/v2\/types\/page"}],"author":[{"embeddable":true,"href":"https:\/\/www.linatec.de\/en\/wp-json\/wp\/v2\/users\/2"}],"replies":[{"embeddable":true,"href":"https:\/\/www.linatec.de\/en\/wp-json\/wp\/v2\/comments?post=512"}],"version-history":[{"count":22,"href":"https:\/\/www.linatec.de\/en\/wp-json\/wp\/v2\/pages\/512\/revisions"}],"predecessor-version":[{"id":908,"href":"https:\/\/www.linatec.de\/en\/wp-json\/wp\/v2\/pages\/512\/revisions\/908"}],"wp:attachment":[{"href":"https:\/\/www.linatec.de\/en\/wp-json\/wp\/v2\/media?parent=512"}],"curies":[{"name":"wp","href":"https:\/\/api.w.org\/{rel}","templated":true}]}}